{"id":6143,"date":"2023-03-16T10:32:54","date_gmt":"2023-03-16T10:32:54","guid":{"rendered":"http:\/\/preview.arroceriaformentera.com.213-165-80-135.plesk.page\/?page_id=6143"},"modified":"2025-04-14T12:03:45","modified_gmt":"2025-04-14T10:03:45","slug":"local_tres_cantos","status":"publish","type":"page","link":"https:\/\/www.arroceriaformentera.com.213-165-80-135.plesk.page\/en\/local_tres_cantos\/","title":{"rendered":"Tres Cantos"},"content":{"rendered":"<div data-elementor-type=\"wp-page\" data-elementor-id=\"6143\" class=\"elementor elementor-6143\">\n\t\t\t\t\t\t\t\t\t<section class=\"elementor-section elementor-top-section elementor-element elementor-element-40282ac1 elementor-section-boxed elementor-section-height-default elementor-section-height-default\" data-id=\"40282ac1\" data-element_type=\"section\">\n\t\t\t\t\t\t<div class=\"elementor-container elementor-column-gap-default\">\n\t\t\t\t\t<div class=\"elementor-column elementor-col-33 elementor-top-column elementor-element elementor-element-6e333cd1\" data-id=\"6e333cd1\" data-element_type=\"column\">\n\t\t\t<div class=\"elementor-widget-wrap elementor-element-populated\">\n\t\t\t\t\t\t\t\t<div class=\"elementor-element elementor-element-f8a9ef5 men front-acenter elementor-widget elementor-widget-wgl-flipbox\" data-id=\"f8a9ef5\" data-element_type=\"widget\" data-widget_type=\"wgl-flipbox.default\">\n\t\t\t\t<div class=\"elementor-widget-container\">\n\t\t\t<div class=\"wgl-flipbox type_flip_right\"><div class=\"wgl-flipbox_wrap\"><div class=\"wgl-flipbox_front\"><h3 class=\"wgl-flipbox_title\">Daily menu<\/h3><\/div><div class=\"wgl-flipbox_back\"><h3 class=\"wgl-flipbox_title\"><span>Daily menu<\/span><\/h3><div class=\"wgl-flipbox_content\"><p><strong>Includes: starter, main course, drink, peace of bread and dessert.<\/strong><\/p><p>Available for meals from Monday to Friday (except holidays) only for delivery orders*<\/p><\/div><div class=\"wgl-flipbox_button-wrap\"><a class=\"wgl-button btn-size-xl\" href=\"https:\/\/www.arroceriaformentera.com.213-165-80-135.plesk.page\/en\/menu-del-dia-tres-cantos\/\">See more<\/a><\/div><\/div><\/div><\/div>\t\t<\/div>\n\t\t\t\t<\/div>\n\t\t\t\t\t<\/div>\n\t\t<\/div>\n\t\t\t\t<div class=\"elementor-column elementor-col-33 elementor-top-column elementor-element elementor-element-d78497e\" data-id=\"d78497e\" data-element_type=\"column\">\n\t\t\t<div class=\"elementor-widget-wrap elementor-element-populated\">\n\t\t\t\t\t\t\t\t<div class=\"elementor-element elementor-element-366705e res front-acenter elementor-widget elementor-widget-wgl-flipbox\" data-id=\"366705e\" data-element_type=\"widget\" data-widget_type=\"wgl-flipbox.default\">\n\t\t\t\t<div class=\"elementor-widget-container\">\n\t\t\t<div class=\"wgl-flipbox type_flip_right\"><div class=\"wgl-flipbox_wrap\"><div class=\"wgl-flipbox_front\"><h3 class=\"wgl-flipbox_title\">Pide<\/h3><div class=\"wgl-flipbox_subtitle\">A domicilio<\/div><\/div><div class=\"wgl-flipbox_back\"><h3 class=\"wgl-flipbox_title\"><span>Orders<\/span><\/h3><div class=\"wgl-flipbox_content\"><p><strong><span>CC. La Rotonda - Plaza del Toro 1 <\/span><\/strong><strong><span>(Tres Cantos)<\/span>\u00a0<\/strong><\/p><p><a href=\"tel: 91 737 55 55\"><span>91 737 55 55<\/span><\/a><\/p><p>Descubre nuestra carta para pedir a domicilio:<\/p><\/div><div class=\"wgl-flipbox_button-wrap\"><a class=\"wgl-button btn-size-xl\" href=\"https:\/\/www.arroceriaformentera.com.213-165-80-135.plesk.page\/en\/servicio-a-domicilio\/\">Ver carta delivery<\/a><\/div><\/div><\/div><\/div>\t\t<\/div>\n\t\t\t\t<\/div>\n\t\t\t\t\t<\/div>\n\t\t<\/div>\n\t\t\t\t<div class=\"elementor-column elementor-col-33 elementor-top-column elementor-element elementor-element-42394411\" data-id=\"42394411\" data-element_type=\"column\">\n\t\t\t<div class=\"elementor-widget-wrap\">\n\t\t\t\t\t\t\t\t\t<\/div>\n\t\t<\/div>\n\t\t\t\t\t\t\t<\/div>\n\t\t<\/section>\n\t\t\t\t\t\t\t<\/div>","protected":false},"excerpt":{"rendered":"<p>Men\u00fa del d\u00eda Men\u00fa del d\u00eda Incluye: primero, segundo, bebida, pan y postre Disponible s\u00f3lo para consumo a domicilio de lunes a viernes (excepto festivos) Ver men\u00fa Pide A domicilio Pedidos CC. La Rotonda &#8211; Plaza del Toro 1 (Tres Cantos)\u00a0 91 737 55 55 Descubre nuestra carta para pedir a domicilio: Ver carta delivery<\/p>","protected":false},"author":1,"featured_media":0,"parent":0,"menu_order":0,"comment_status":"closed","ping_status":"closed","template":"","meta":{"footnotes":""},"class_list":["post-6143","page","type-page","status-publish","hentry"],"yoast_head":"<!-- This site is optimized with the Yoast SEO plugin v21.3 - https:\/\/yoast.com\/wordpress\/plugins\/seo\/ -->\n<title>Tres Cantos - Arrocer\u00eda Formentera<\/title>\n<meta name=\"robots\" content=\"index, follow, max-snippet:-1, max-image-preview:large, max-video-preview:-1\" \/>\n<link rel=\"canonical\" href=\"https:\/\/www.arroceriaformentera.com.213-165-80-135.plesk.page\/en\/local_tres_cantos\/\" \/>\n<meta property=\"og:locale\" content=\"en_US\" \/>\n<meta property=\"og:type\" content=\"article\" \/>\n<meta property=\"og:title\" content=\"Tres Cantos - Arrocer\u00eda Formentera\" \/>\n<meta property=\"og:description\" content=\"Men\u00fa del d\u00eda Men\u00fa del d\u00eda Incluye: primero, segundo, bebida, pan y postre Disponible s\u00f3lo para consumo a domicilio de lunes a viernes (excepto festivos) Ver men\u00fa Pide A domicilio Pedidos CC. La Rotonda &#8211; Plaza del Toro 1 (Tres Cantos)\u00a0 91 737 55 55 Descubre nuestra carta para pedir a domicilio: Ver carta delivery\" \/>\n<meta property=\"og:url\" content=\"https:\/\/www.arroceriaformentera.com.213-165-80-135.plesk.page\/en\/local_tres_cantos\/\" \/>\n<meta property=\"og:site_name\" content=\"Arrocer\u00eda Formentera\" \/>\n<meta property=\"article:modified_time\" content=\"2025-04-14T10:03:45+00:00\" \/>\n<meta name=\"twitter:card\" content=\"summary_large_image\" \/>\n<meta name=\"twitter:label1\" content=\"Est. reading time\" \/>\n\t<meta name=\"twitter:data1\" content=\"1 minute\" \/>\n<script type=\"application\/ld+json\" class=\"yoast-schema-graph\">{\"@context\":\"https:\/\/schema.org\",\"@graph\":[{\"@type\":\"WebPage\",\"@id\":\"https:\/\/www.arroceriaformentera.com.213-165-80-135.plesk.page\/local_tres_cantos\/\",\"url\":\"https:\/\/www.arroceriaformentera.com.213-165-80-135.plesk.page\/local_tres_cantos\/\",\"name\":\"Tres Cantos - Arrocer\u00eda Formentera\",\"isPartOf\":{\"@id\":\"https:\/\/www.arroceriaformentera.com.213-165-80-135.plesk.page\/#website\"},\"datePublished\":\"2023-03-16T10:32:54+00:00\",\"dateModified\":\"2025-04-14T10:03:45+00:00\",\"inLanguage\":\"en-US\",\"potentialAction\":[{\"@type\":\"ReadAction\",\"target\":[\"https:\/\/www.arroceriaformentera.com.213-165-80-135.plesk.page\/local_tres_cantos\/\"]}]},{\"@type\":\"WebSite\",\"@id\":\"https:\/\/www.arroceriaformentera.com.213-165-80-135.plesk.page\/#website\",\"url\":\"https:\/\/www.arroceriaformentera.com.213-165-80-135.plesk.page\/\",\"name\":\"Arrocer\u00eda Formentera\",\"description\":\"Restaurante\",\"potentialAction\":[{\"@type\":\"SearchAction\",\"target\":{\"@type\":\"EntryPoint\",\"urlTemplate\":\"https:\/\/www.arroceriaformentera.com.213-165-80-135.plesk.page\/?s={search_term_string}\"},\"query-input\":\"required name=search_term_string\"}],\"inLanguage\":\"en-US\"}]}<\/script>\n<!-- \/ Yoast SEO plugin. -->","yoast_head_json":{"title":"Tres Cantos - Arrocer\u00eda Formentera","robots":{"index":"index","follow":"follow","max-snippet":"max-snippet:-1","max-image-preview":"max-image-preview:large","max-video-preview":"max-video-preview:-1"},"canonical":"https:\/\/www.arroceriaformentera.com.213-165-80-135.plesk.page\/en\/local_tres_cantos\/","og_locale":"en_US","og_type":"article","og_title":"Tres Cantos - Arrocer\u00eda Formentera","og_description":"Men\u00fa del d\u00eda Men\u00fa del d\u00eda Incluye: primero, segundo, bebida, pan y postre Disponible s\u00f3lo para consumo a domicilio de lunes a viernes (excepto festivos) Ver men\u00fa Pide A domicilio Pedidos CC. La Rotonda &#8211; Plaza del Toro 1 (Tres Cantos)\u00a0 91 737 55 55 Descubre nuestra carta para pedir a domicilio: Ver carta delivery","og_url":"https:\/\/www.arroceriaformentera.com.213-165-80-135.plesk.page\/en\/local_tres_cantos\/","og_site_name":"Arrocer\u00eda Formentera","article_modified_time":"2025-04-14T10:03:45+00:00","twitter_card":"summary_large_image","twitter_misc":{"Est. reading time":"1 minute"},"schema":{"@context":"https:\/\/schema.org","@graph":[{"@type":"WebPage","@id":"https:\/\/www.arroceriaformentera.com.213-165-80-135.plesk.page\/local_tres_cantos\/","url":"https:\/\/www.arroceriaformentera.com.213-165-80-135.plesk.page\/local_tres_cantos\/","name":"Tres Cantos - Arrocer\u00eda Formentera","isPartOf":{"@id":"https:\/\/www.arroceriaformentera.com.213-165-80-135.plesk.page\/#website"},"datePublished":"2023-03-16T10:32:54+00:00","dateModified":"2025-04-14T10:03:45+00:00","inLanguage":"en-US","potentialAction":[{"@type":"ReadAction","target":["https:\/\/www.arroceriaformentera.com.213-165-80-135.plesk.page\/local_tres_cantos\/"]}]},{"@type":"WebSite","@id":"https:\/\/www.arroceriaformentera.com.213-165-80-135.plesk.page\/#website","url":"https:\/\/www.arroceriaformentera.com.213-165-80-135.plesk.page\/","name":"Arrocer\u00eda Formentera","description":"Restaurante","potentialAction":[{"@type":"SearchAction","target":{"@type":"EntryPoint","urlTemplate":"https:\/\/www.arroceriaformentera.com.213-165-80-135.plesk.page\/?s={search_term_string}"},"query-input":"required name=search_term_string"}],"inLanguage":"en-US"}]}},"_links":{"self":[{"href":"https:\/\/www.arroceriaformentera.com.213-165-80-135.plesk.page\/en\/wp-json\/wp\/v2\/pages\/6143","targetHints":{"allow":["GET"]}}],"collection":[{"href":"https:\/\/www.arroceriaformentera.com.213-165-80-135.plesk.page\/en\/wp-json\/wp\/v2\/pages"}],"about":[{"href":"https:\/\/www.arroceriaformentera.com.213-165-80-135.plesk.page\/en\/wp-json\/wp\/v2\/types\/page"}],"author":[{"embeddable":true,"href":"https:\/\/www.arroceriaformentera.com.213-165-80-135.plesk.page\/en\/wp-json\/wp\/v2\/users\/1"}],"replies":[{"embeddable":true,"href":"https:\/\/www.arroceriaformentera.com.213-165-80-135.plesk.page\/en\/wp-json\/wp\/v2\/comments?post=6143"}],"version-history":[{"count":44,"href":"https:\/\/www.arroceriaformentera.com.213-165-80-135.plesk.page\/en\/wp-json\/wp\/v2\/pages\/6143\/revisions"}],"predecessor-version":[{"id":13086,"href":"https:\/\/www.arroceriaformentera.com.213-165-80-135.plesk.page\/en\/wp-json\/wp\/v2\/pages\/6143\/revisions\/13086"}],"wp:attachment":[{"href":"https:\/\/www.arroceriaformentera.com.213-165-80-135.plesk.page\/en\/wp-json\/wp\/v2\/media?parent=6143"}],"curies":[{"name":"wp","href":"https:\/\/api.w.org\/{rel}","templated":true}]}}