{"id":6148,"date":"2023-03-16T10:39:58","date_gmt":"2023-03-16T10:39:58","guid":{"rendered":"http:\/\/preview.arroceriaformentera.com.213-165-80-135.plesk.page\/?page_id=6148"},"modified":"2026-01-12T08:33:42","modified_gmt":"2026-01-12T07:33:42","slug":"local_montecarmelo","status":"publish","type":"page","link":"https:\/\/www.arroceriaformentera.com.213-165-80-135.plesk.page\/en\/local_montecarmelo\/","title":{"rendered":"Menus Formentera Montecarmelo"},"content":{"rendered":"<div data-elementor-type=\"wp-page\" data-elementor-id=\"6148\" class=\"elementor elementor-6148\">\n\t\t\t\t\t\t\t\t\t<section class=\"elementor-section elementor-top-section elementor-element elementor-element-73c12c6 elementor-section-boxed elementor-section-height-default elementor-section-height-default\" data-id=\"73c12c6\" data-element_type=\"section\">\n\t\t\t\t\t\t<div class=\"elementor-container elementor-column-gap-default\">\n\t\t\t\t\t<div class=\"elementor-column elementor-col-100 elementor-top-column elementor-element elementor-element-f53c2d6\" data-id=\"f53c2d6\" data-element_type=\"column\">\n\t\t\t<div class=\"elementor-widget-wrap elementor-element-populated\">\n\t\t\t\t\t\t\t\t<div class=\"elementor-element elementor-element-c6ea728 elementor-widget elementor-widget-heading\" data-id=\"c6ea728\" data-element_type=\"widget\" data-widget_type=\"heading.default\">\n\t\t\t\t<div class=\"elementor-widget-container\">\n\t\t\t<style>\/*! elementor - v3.12.0 - 29-03-2023 *\/\n.elementor-heading-title{padding:0;margin:0;line-height:1}.elementor-widget-heading .elementor-heading-title[class*=elementor-size-]>a{color:inherit;font-size:inherit;line-height:inherit}.elementor-widget-heading .elementor-heading-title.elementor-size-small{font-size:15px}.elementor-widget-heading .elementor-heading-title.elementor-size-medium{font-size:19px}.elementor-widget-heading .elementor-heading-title.elementor-size-large{font-size:29px}.elementor-widget-heading .elementor-heading-title.elementor-size-xl{font-size:39px}.elementor-widget-heading .elementor-heading-title.elementor-size-xxl{font-size:59px}<\/style><h2 class=\"elementor-heading-title elementor-size-default\">Discover Restaurant Formentera Montecarmelo:<\/h2>\t\t<\/div>\n\t\t\t\t<\/div>\n\t\t\t\t\t<\/div>\n\t\t<\/div>\n\t\t\t\t\t\t\t<\/div>\n\t\t<\/section>\n\t\t\t\t<section class=\"elementor-section elementor-top-section elementor-element elementor-element-6e08705c elementor-section-boxed elementor-section-height-default elementor-section-height-default\" data-id=\"6e08705c\" data-element_type=\"section\">\n\t\t\t\t\t\t<div class=\"elementor-container elementor-column-gap-default\">\n\t\t\t\t\t<div class=\"elementor-column elementor-col-33 elementor-top-column elementor-element elementor-element-604895a2\" data-id=\"604895a2\" data-element_type=\"column\">\n\t\t\t<div class=\"elementor-widget-wrap elementor-element-populated\">\n\t\t\t\t\t\t\t\t<div class=\"elementor-element elementor-element-2831e912 front-acenter elementor-widget elementor-widget-wgl-flipbox\" data-id=\"2831e912\" data-element_type=\"widget\" data-widget_type=\"wgl-flipbox.default\">\n\t\t\t\t<div class=\"elementor-widget-container\">\n\t\t\t<div class=\"wgl-flipbox type_flip_right\"><div class=\"wgl-flipbox_wrap\"><div class=\"wgl-flipbox_front\"><h3 class=\"wgl-flipbox_title\">Food Menu<\/h3><\/div><div class=\"wgl-flipbox_back\"><h3 class=\"wgl-flipbox_title\"><span>Food Menu<\/span><\/h3><div class=\"wgl-flipbox_content\"><p><strong>Restaurant food menu<\/strong><\/p><p>Available every day for lunch and dinner time at <br \/>restaurant<\/p><\/div><div class=\"wgl-flipbox_button-wrap\"><a class=\"wgl-button btn-size-xl\" href=\"https:\/\/www.arroceriaformentera.com.213-165-80-135.plesk.page\/en\/restaurante-formentera-montecarmelo\/\">See more<\/a><\/div><\/div><\/div><\/div>\t\t<\/div>\n\t\t\t\t<\/div>\n\t\t\t\t\t<\/div>\n\t\t<\/div>\n\t\t\t\t<div class=\"elementor-column elementor-col-33 elementor-top-column elementor-element elementor-element-5d6ed469\" data-id=\"5d6ed469\" data-element_type=\"column\">\n\t\t\t<div class=\"elementor-widget-wrap elementor-element-populated\">\n\t\t\t\t\t\t\t\t<div class=\"elementor-element elementor-element-1fd3a479 front-acenter elementor-widget elementor-widget-wgl-flipbox\" data-id=\"1fd3a479\" data-element_type=\"widget\" data-widget_type=\"wgl-flipbox.default\">\n\t\t\t\t<div class=\"elementor-widget-container\">\n\t\t\t<div class=\"wgl-flipbox type_flip_right\"><div class=\"wgl-flipbox_wrap\"><div class=\"wgl-flipbox_front\"><h3 class=\"wgl-flipbox_title\">Drinks menu<\/h3><\/div><div class=\"wgl-flipbox_back\"><h3 class=\"wgl-flipbox_title\"><span>Drinks menu<\/span><\/h3><div class=\"wgl-flipbox_content\"><p><strong>Wine, distillery, drinks and coffee<\/strong><\/p><p>Available every day for lunch and dinner time at <br \/>restaurant<\/p><\/div><div class=\"wgl-flipbox_button-wrap\"><a class=\"wgl-button btn-size-xl\" href=\"https:\/\/www.arroceriaformentera.com.213-165-80-135.plesk.page\/en\/bebidas-montecarmelo\/\">See more<\/a><\/div><\/div><\/div><\/div>\t\t<\/div>\n\t\t\t\t<\/div>\n\t\t\t\t\t<\/div>\n\t\t<\/div>\n\t\t\t\t<div class=\"elementor-column elementor-col-33 elementor-top-column elementor-element elementor-element-87c0296\" data-id=\"87c0296\" data-element_type=\"column\">\n\t\t\t<div class=\"elementor-widget-wrap elementor-element-populated\">\n\t\t\t\t\t\t\t\t<div class=\"elementor-element elementor-element-76ceb2e front-acenter elementor-widget elementor-widget-wgl-flipbox\" data-id=\"76ceb2e\" data-element_type=\"widget\" data-widget_type=\"wgl-flipbox.default\">\n\t\t\t\t<div class=\"elementor-widget-container\">\n\t\t\t<div class=\"wgl-flipbox type_flip_right\"><div class=\"wgl-flipbox_wrap\"><div class=\"wgl-flipbox_front\"><h3 class=\"wgl-flipbox_title\">Daily menu<\/h3><\/div><div class=\"wgl-flipbox_back\"><h3 class=\"wgl-flipbox_title\"><span>Daily menu<\/span><\/h3><div class=\"wgl-flipbox_content\"><p><strong>Includes: starter, main course, <\/strong><br \/><strong>drink, peace of bread, dessert or coffee.<\/strong><\/p><p class=\"p1\">Available for lunch time (13h to 16h) from Monday to Friday (except holidays) at restaurant and for delivery orders*<\/p><\/div><div class=\"wgl-flipbox_button-wrap\"><a class=\"wgl-button btn-size-xl\" href=\"https:\/\/www.arroceriaformentera.com.213-165-80-135.plesk.page\/en\/menu-del-dia-montecarmelo\/\">See more<\/a><\/div><\/div><\/div><\/div>\t\t<\/div>\n\t\t\t\t<\/div>\n\t\t\t\t\t<\/div>\n\t\t<\/div>\n\t\t\t\t\t\t\t<\/div>\n\t\t<\/section>\n\t\t\t\t<section class=\"elementor-section elementor-top-section elementor-element elementor-element-f7a7db7 elementor-section-boxed elementor-section-height-default elementor-section-height-default\" data-id=\"f7a7db7\" data-element_type=\"section\">\n\t\t\t\t\t\t<div class=\"elementor-container elementor-column-gap-default\">\n\t\t\t\t\t<div class=\"elementor-column elementor-col-33 elementor-top-column elementor-element elementor-element-966add1\" data-id=\"966add1\" data-element_type=\"column\">\n\t\t\t<div class=\"elementor-widget-wrap elementor-element-populated\">\n\t\t\t\t\t\t\t\t<div class=\"elementor-element elementor-element-17bfaa6a front-acenter elementor-widget elementor-widget-wgl-flipbox\" data-id=\"17bfaa6a\" data-element_type=\"widget\" data-widget_type=\"wgl-flipbox.default\">\n\t\t\t\t<div class=\"elementor-widget-container\">\n\t\t\t<div class=\"wgl-flipbox type_flip_right\"><div class=\"wgl-flipbox_wrap\"><div class=\"wgl-flipbox_front\"><h3 class=\"wgl-flipbox_title\">Dinner menu<\/h3><\/div><div class=\"wgl-flipbox_back\"><h3 class=\"wgl-flipbox_title\"><span>Dinner menu<\/span><\/h3><div class=\"wgl-flipbox_content\"><p><strong>Special price deal<\/strong><\/p><p>Available for dinner from Thursday to Saturday and on the eve of holidays in the restaurant.<\/p><\/div><div class=\"wgl-flipbox_button-wrap\"><a class=\"wgl-button btn-size-xl\" href=\"https:\/\/www.arroceriaformentera.com.213-165-80-135.plesk.page\/en\/menus-noche-montecarmelo\/\">See more<\/a><\/div><\/div><\/div><\/div>\t\t<\/div>\n\t\t\t\t<\/div>\n\t\t\t\t\t<\/div>\n\t\t<\/div>\n\t\t\t\t<div class=\"elementor-column elementor-col-33 elementor-top-column elementor-element elementor-element-8d52c64\" data-id=\"8d52c64\" data-element_type=\"column\">\n\t\t\t<div class=\"elementor-widget-wrap elementor-element-populated\">\n\t\t\t\t\t\t\t\t<div class=\"elementor-element elementor-element-2b09ad9 front-acenter elementor-widget elementor-widget-wgl-flipbox\" data-id=\"2b09ad9\" data-element_type=\"widget\" data-widget_type=\"wgl-flipbox.default\">\n\t\t\t\t<div class=\"elementor-widget-container\">\n\t\t\t<div class=\"wgl-flipbox type_flip_right\"><div class=\"wgl-flipbox_wrap\"><div class=\"wgl-flipbox_front\"><h3 class=\"wgl-flipbox_title\">Orders<\/h3><div class=\"wgl-flipbox_subtitle\">(Menu)<\/div><\/div><div class=\"wgl-flipbox_back\"><h3 class=\"wgl-flipbox_title\"><span>Orders<\/span><\/h3><div class=\"wgl-flipbox_content\"><p><strong>Delivery orders food menu<\/strong><\/p><p>Available every day for lunch and dinner time for delivery or takeaway orders<\/p><\/div><div class=\"wgl-flipbox_button-wrap\"><a class=\"wgl-button btn-size-xl\" href=\"https:\/\/www.arroceriaformentera.com.213-165-80-135.plesk.page\/en\/servicio-a-domicilio\/\">See more<\/a><\/div><\/div><\/div><\/div>\t\t<\/div>\n\t\t\t\t<\/div>\n\t\t\t\t\t<\/div>\n\t\t<\/div>\n\t\t\t\t<div class=\"elementor-column elementor-col-33 elementor-top-column elementor-element elementor-element-09600cf\" data-id=\"09600cf\" data-element_type=\"column\">\n\t\t\t<div class=\"elementor-widget-wrap elementor-element-populated\">\n\t\t\t\t\t\t\t\t<div class=\"elementor-element elementor-element-daabbae res front-acenter elementor-widget elementor-widget-wgl-flipbox\" data-id=\"daabbae\" data-element_type=\"widget\" data-widget_type=\"wgl-flipbox.default\">\n\t\t\t\t<div class=\"elementor-widget-container\">\n\t\t\t<div class=\"wgl-flipbox type_flip_right\"><div class=\"wgl-flipbox_wrap\"><div class=\"wgl-flipbox_front\"><h3 class=\"wgl-flipbox_title\">Reserve<\/h3><\/div><div class=\"wgl-flipbox_back\"><h3 class=\"wgl-flipbox_title\"><span>Reserve<\/span><\/h3><div class=\"wgl-flipbox_content\"><p><strong>Av. del Monasterio de El Escorial, 6 (Madrid)<\/strong><\/p><p>Sunday to Wednesday and holidays: from 11 a.m. to 6 p.m. \/ Thursday to Saturday and the day before holidays dates: from 11 a.m. to 1 a.m.<\/p><p>91 999 27 27<\/p><\/div><div class=\"wgl-flipbox_button-wrap\"><a class=\"wgl-button btn-size-xl\" href=\"https:\/\/www.arroceriaformentera.com.213-165-80-135.plesk.page\/en\/reservas-en-montecarmelo\/\">Book a table<\/a><\/div><\/div><\/div><\/div>\t\t<\/div>\n\t\t\t\t<\/div>\n\t\t\t\t\t<\/div>\n\t\t<\/div>\n\t\t\t\t\t\t\t<\/div>\n\t\t<\/section>\n\t\t\t\t<section class=\"elementor-section elementor-top-section elementor-element elementor-element-7cc6b1e elementor-section-boxed elementor-section-height-default elementor-section-height-default\" data-id=\"7cc6b1e\" data-element_type=\"section\">\n\t\t\t\t\t\t<div class=\"elementor-container elementor-column-gap-default\">\n\t\t\t\t\t<div class=\"elementor-column elementor-col-100 elementor-top-column elementor-element elementor-element-b618033\" data-id=\"b618033\" data-element_type=\"column\">\n\t\t\t<div class=\"elementor-widget-wrap elementor-element-populated\">\n\t\t\t\t\t\t\t\t<div class=\"elementor-element elementor-element-0bed738 elementor-widget elementor-widget-text-editor\" data-id=\"0bed738\" data-element_type=\"widget\" data-widget_type=\"text-editor.default\">\n\t\t\t\t<div class=\"elementor-widget-container\">\n\t\t\t<style>\/*! elementor - v3.12.0 - 29-03-2023 *\/\n.elementor-widget-text-editor.elementor-drop-cap-view-stacked .elementor-drop-cap{background-color:#69727d;color:#fff}.elementor-widget-text-editor.elementor-drop-cap-view-framed .elementor-drop-cap{color:#69727d;border:3px solid;background-color:transparent}.elementor-widget-text-editor:not(.elementor-drop-cap-view-default) .elementor-drop-cap{margin-top:8px}.elementor-widget-text-editor:not(.elementor-drop-cap-view-default) .elementor-drop-cap-letter{width:1em;height:1em}.elementor-widget-text-editor .elementor-drop-cap{float:left;text-align:center;line-height:1;font-size:50px}.elementor-widget-text-editor .elementor-drop-cap-letter{display:inline-block}<\/style>\t\t\t\t<p class=\"p1\"><em>Live the best gastronomic experience at <span style=\"text-decoration: underline;\"><strong>Restaurant Formentera Montecarmelo<\/strong><\/span><\/em><\/p>\t\t\t\t\t\t<\/div>\n\t\t\t\t<\/div>\n\t\t\t\t\t<\/div>\n\t\t<\/div>\n\t\t\t\t\t\t\t<\/div>\n\t\t<\/section>\n\t\t\t\t<section class=\"elementor-section elementor-top-section elementor-element elementor-element-bcc5e34 elementor-hidden-desktop elementor-hidden-tablet elementor-hidden-mobile elementor-section-boxed elementor-section-height-default elementor-section-height-default\" data-id=\"bcc5e34\" data-element_type=\"section\">\n\t\t\t\t\t\t<div class=\"elementor-container elementor-column-gap-default\">\n\t\t\t\t\t<div class=\"elementor-column elementor-col-33 elementor-top-column elementor-element elementor-element-58193ce\" data-id=\"58193ce\" data-element_type=\"column\">\n\t\t\t<div class=\"elementor-widget-wrap elementor-element-populated\">\n\t\t\t\t\t\t\t\t<div class=\"elementor-element elementor-element-6ecfeb4 elementor-hidden-desktop elementor-hidden-tablet elementor-hidden-mobile front-acenter elementor-widget elementor-widget-wgl-flipbox\" data-id=\"6ecfeb4\" data-element_type=\"widget\" data-widget_type=\"wgl-flipbox.default\">\n\t\t\t\t<div class=\"elementor-widget-container\">\n\t\t\t<div class=\"wgl-flipbox type_flip_right\"><div class=\"wgl-flipbox_wrap\"><div class=\"wgl-flipbox_front\"><h3 class=\"wgl-flipbox_title\">Daily menu<\/h3><div class=\"wgl-flipbox_subtitle\">(No disponible)<\/div><\/div><div class=\"wgl-flipbox_back\"><h3 class=\"wgl-flipbox_title\"><span>No disponible<\/span><\/h3><div class=\"wgl-flipbox_content\"><p class=\"p1\">Durante el mes de diciembre y hasta el 12 de enero, no estar\u00e1 disponible el men\u00fa del d\u00eda pero seguimos ofreciendo nuestra carta de restaurante todos los d\u00edas. Disculpen las molestias.<\/p><\/div><\/div><\/div><\/div>\t\t<\/div>\n\t\t\t\t<\/div>\n\t\t\t\t\t<\/div>\n\t\t<\/div>\n\t\t\t\t<div class=\"elementor-column elementor-col-33 elementor-top-column elementor-element elementor-element-d550ed7\" data-id=\"d550ed7\" data-element_type=\"column\">\n\t\t\t<div class=\"elementor-widget-wrap\">\n\t\t\t\t\t\t\t\t\t<\/div>\n\t\t<\/div>\n\t\t\t\t<div class=\"elementor-column elementor-col-33 elementor-top-column elementor-element elementor-element-84bc06a\" data-id=\"84bc06a\" data-element_type=\"column\">\n\t\t\t<div class=\"elementor-widget-wrap\">\n\t\t\t\t\t\t\t\t\t<\/div>\n\t\t<\/div>\n\t\t\t\t\t\t\t<\/div>\n\t\t<\/section>\n\t\t\t\t\t\t\t<\/div>","protected":false},"excerpt":{"rendered":"<p>Descubre Restaurante Formentera Montecarmelo: Carta Carta Carta del Restaurante Disponible todos los d\u00edas para comidas y cenas en el restaurante Ver carta Bebidas Bebidas Vinos, destilados, bebidas y caf\u00e9s Disponible todos los d\u00edas para comidas y cenas en el restaurante Ver carta Men\u00fa del d\u00eda Men\u00fa del d\u00eda Incluye: primero, segundo, bebida, pan, postre o [&hellip;]<\/p>","protected":false},"author":1,"featured_media":7260,"parent":0,"menu_order":0,"comment_status":"closed","ping_status":"closed","template":"","meta":{"footnotes":""},"class_list":["post-6148","page","type-page","status-publish","has-post-thumbnail","hentry"],"yoast_head":"<!-- This site is optimized with the Yoast SEO plugin v21.3 - https:\/\/yoast.com\/wordpress\/plugins\/seo\/ -->\n<title>Cartas Formentera Montecarmelo - Arrocer\u00eda Formentera<\/title>\n<meta name=\"description\" content=\"Descubre todas las cartas disponibles para disfrutar la experiencia Formentera en nuestro restaurante de Montecarmelo (Madrid)...\" \/>\n<meta name=\"robots\" content=\"index, follow, max-snippet:-1, max-image-preview:large, max-video-preview:-1\" \/>\n<link rel=\"canonical\" href=\"https:\/\/www.arroceriaformentera.com.213-165-80-135.plesk.page\/en\/local_montecarmelo\/\" \/>\n<meta property=\"og:locale\" content=\"en_US\" \/>\n<meta property=\"og:type\" content=\"article\" \/>\n<meta property=\"og:title\" content=\"Cartas Formentera Montecarmelo - Arrocer\u00eda Formentera\" \/>\n<meta property=\"og:description\" content=\"Descubre todas las cartas disponibles para disfrutar la experiencia Formentera en nuestro restaurante de Montecarmelo (Madrid)...\" \/>\n<meta property=\"og:url\" content=\"https:\/\/www.arroceriaformentera.com.213-165-80-135.plesk.page\/en\/local_montecarmelo\/\" \/>\n<meta property=\"og:site_name\" content=\"Arrocer\u00eda Formentera\" \/>\n<meta property=\"article:modified_time\" content=\"2026-01-12T07:33:42+00:00\" \/>\n<meta property=\"og:image\" content=\"https:\/\/www.arroceriaformentera.com\/wp-content\/uploads\/2023\/04\/portadas-cartas_0006_carta-1.png\" \/>\n\t<meta property=\"og:image:width\" content=\"600\" \/>\n\t<meta property=\"og:image:height\" content=\"600\" \/>\n\t<meta property=\"og:image:type\" content=\"image\/png\" \/>\n<meta name=\"twitter:card\" content=\"summary_large_image\" \/>\n<meta name=\"twitter:label1\" content=\"Est. reading time\" \/>\n\t<meta name=\"twitter:data1\" content=\"1 minute\" \/>\n<script type=\"application\/ld+json\" class=\"yoast-schema-graph\">{\"@context\":\"https:\/\/schema.org\",\"@graph\":[{\"@type\":\"WebPage\",\"@id\":\"https:\/\/www.arroceriaformentera.com.213-165-80-135.plesk.page\/local_montecarmelo\/\",\"url\":\"https:\/\/www.arroceriaformentera.com.213-165-80-135.plesk.page\/local_montecarmelo\/\",\"name\":\"Cartas Formentera Montecarmelo - Arrocer\u00eda Formentera\",\"isPartOf\":{\"@id\":\"https:\/\/www.arroceriaformentera.com.213-165-80-135.plesk.page\/#website\"},\"datePublished\":\"2023-03-16T10:39:58+00:00\",\"dateModified\":\"2026-01-12T07:33:42+00:00\",\"description\":\"Descubre todas las cartas disponibles para disfrutar la experiencia Formentera en nuestro restaurante de Montecarmelo (Madrid)...\",\"inLanguage\":\"en-US\",\"potentialAction\":[{\"@type\":\"ReadAction\",\"target\":[\"https:\/\/www.arroceriaformentera.com.213-165-80-135.plesk.page\/local_montecarmelo\/\"]}]},{\"@type\":\"WebSite\",\"@id\":\"https:\/\/www.arroceriaformentera.com.213-165-80-135.plesk.page\/#website\",\"url\":\"https:\/\/www.arroceriaformentera.com.213-165-80-135.plesk.page\/\",\"name\":\"Arrocer\u00eda Formentera\",\"description\":\"Restaurante\",\"potentialAction\":[{\"@type\":\"SearchAction\",\"target\":{\"@type\":\"EntryPoint\",\"urlTemplate\":\"https:\/\/www.arroceriaformentera.com.213-165-80-135.plesk.page\/?s={search_term_string}\"},\"query-input\":\"required name=search_term_string\"}],\"inLanguage\":\"en-US\"}]}<\/script>\n<!-- \/ Yoast SEO plugin. -->","yoast_head_json":{"title":"Cartas Formentera Montecarmelo - Arrocer\u00eda Formentera","description":"Descubre todas las cartas disponibles para disfrutar la experiencia Formentera en nuestro restaurante de Montecarmelo (Madrid)...","robots":{"index":"index","follow":"follow","max-snippet":"max-snippet:-1","max-image-preview":"max-image-preview:large","max-video-preview":"max-video-preview:-1"},"canonical":"https:\/\/www.arroceriaformentera.com.213-165-80-135.plesk.page\/en\/local_montecarmelo\/","og_locale":"en_US","og_type":"article","og_title":"Cartas Formentera Montecarmelo - Arrocer\u00eda Formentera","og_description":"Descubre todas las cartas disponibles para disfrutar la experiencia Formentera en nuestro restaurante de Montecarmelo (Madrid)...","og_url":"https:\/\/www.arroceriaformentera.com.213-165-80-135.plesk.page\/en\/local_montecarmelo\/","og_site_name":"Arrocer\u00eda Formentera","article_modified_time":"2026-01-12T07:33:42+00:00","og_image":[{"width":600,"height":600,"url":"https:\/\/www.arroceriaformentera.com\/wp-content\/uploads\/2023\/04\/portadas-cartas_0006_carta-1.png","type":"image\/png"}],"twitter_card":"summary_large_image","twitter_misc":{"Est. reading time":"1 minute"},"schema":{"@context":"https:\/\/schema.org","@graph":[{"@type":"WebPage","@id":"https:\/\/www.arroceriaformentera.com.213-165-80-135.plesk.page\/local_montecarmelo\/","url":"https:\/\/www.arroceriaformentera.com.213-165-80-135.plesk.page\/local_montecarmelo\/","name":"Cartas Formentera Montecarmelo - Arrocer\u00eda Formentera","isPartOf":{"@id":"https:\/\/www.arroceriaformentera.com.213-165-80-135.plesk.page\/#website"},"datePublished":"2023-03-16T10:39:58+00:00","dateModified":"2026-01-12T07:33:42+00:00","description":"Descubre todas las cartas disponibles para disfrutar la experiencia Formentera en nuestro restaurante de Montecarmelo (Madrid)...","inLanguage":"en-US","potentialAction":[{"@type":"ReadAction","target":["https:\/\/www.arroceriaformentera.com.213-165-80-135.plesk.page\/local_montecarmelo\/"]}]},{"@type":"WebSite","@id":"https:\/\/www.arroceriaformentera.com.213-165-80-135.plesk.page\/#website","url":"https:\/\/www.arroceriaformentera.com.213-165-80-135.plesk.page\/","name":"Arrocer\u00eda Formentera","description":"Restaurante","potentialAction":[{"@type":"SearchAction","target":{"@type":"EntryPoint","urlTemplate":"https:\/\/www.arroceriaformentera.com.213-165-80-135.plesk.page\/?s={search_term_string}"},"query-input":"required name=search_term_string"}],"inLanguage":"en-US"}]}},"_links":{"self":[{"href":"https:\/\/www.arroceriaformentera.com.213-165-80-135.plesk.page\/en\/wp-json\/wp\/v2\/pages\/6148","targetHints":{"allow":["GET"]}}],"collection":[{"href":"https:\/\/www.arroceriaformentera.com.213-165-80-135.plesk.page\/en\/wp-json\/wp\/v2\/pages"}],"about":[{"href":"https:\/\/www.arroceriaformentera.com.213-165-80-135.plesk.page\/en\/wp-json\/wp\/v2\/types\/page"}],"author":[{"embeddable":true,"href":"https:\/\/www.arroceriaformentera.com.213-165-80-135.plesk.page\/en\/wp-json\/wp\/v2\/users\/1"}],"replies":[{"embeddable":true,"href":"https:\/\/www.arroceriaformentera.com.213-165-80-135.plesk.page\/en\/wp-json\/wp\/v2\/comments?post=6148"}],"version-history":[{"count":197,"href":"https:\/\/www.arroceriaformentera.com.213-165-80-135.plesk.page\/en\/wp-json\/wp\/v2\/pages\/6148\/revisions"}],"predecessor-version":[{"id":13547,"href":"https:\/\/www.arroceriaformentera.com.213-165-80-135.plesk.page\/en\/wp-json\/wp\/v2\/pages\/6148\/revisions\/13547"}],"wp:featuredmedia":[{"embeddable":true,"href":"https:\/\/www.arroceriaformentera.com.213-165-80-135.plesk.page\/en\/wp-json\/wp\/v2\/media\/7260"}],"wp:attachment":[{"href":"https:\/\/www.arroceriaformentera.com.213-165-80-135.plesk.page\/en\/wp-json\/wp\/v2\/media?parent=6148"}],"curies":[{"name":"wp","href":"https:\/\/api.w.org\/{rel}","templated":true}]}}