{"id":7361,"date":"2023-04-04T14:32:08","date_gmt":"2023-04-04T14:32:08","guid":{"rendered":"http:\/\/preview.arroceriaformentera.com.213-165-80-135.plesk.page\/?page_id=7361"},"modified":"2024-09-02T17:32:04","modified_gmt":"2024-09-02T15:32:04","slug":"condiciones-programa-fidelizacion","status":"publish","type":"page","link":"https:\/\/www.arroceriaformentera.com.213-165-80-135.plesk.page\/en\/condiciones-programa-fidelizacion\/","title":{"rendered":"Condiciones programa fidelizaci\u00f3n"},"content":{"rendered":"<div data-elementor-type=\"wp-page\" data-elementor-id=\"7361\" class=\"elementor elementor-7361\">\n\t\t\t\t\t\t\t\t\t<section class=\"elementor-section elementor-top-section elementor-element elementor-element-1a73f08 elementor-section-boxed elementor-section-height-default elementor-section-height-default\" data-id=\"1a73f08\" data-element_type=\"section\">\n\t\t\t\t\t\t<div class=\"elementor-container elementor-column-gap-default\">\n\t\t\t\t\t<div class=\"elementor-column elementor-col-100 elementor-top-column elementor-element elementor-element-d1c9824\" data-id=\"d1c9824\" data-element_type=\"column\">\n\t\t\t<div class=\"elementor-widget-wrap elementor-element-populated\">\n\t\t\t\t\t\t\t\t<div class=\"elementor-element elementor-element-98fd317 elementor-widget elementor-widget-text-editor\" data-id=\"98fd317\" data-element_type=\"widget\" data-widget_type=\"text-editor.default\">\n\t\t\t\t<div class=\"elementor-widget-container\">\n\t\t\t<style>\/*! elementor - v3.12.0 - 29-03-2023 *\/\n.elementor-widget-text-editor.elementor-drop-cap-view-stacked .elementor-drop-cap{background-color:#69727d;color:#fff}.elementor-widget-text-editor.elementor-drop-cap-view-framed .elementor-drop-cap{color:#69727d;border:3px solid;background-color:transparent}.elementor-widget-text-editor:not(.elementor-drop-cap-view-default) .elementor-drop-cap{margin-top:8px}.elementor-widget-text-editor:not(.elementor-drop-cap-view-default) .elementor-drop-cap-letter{width:1em;height:1em}.elementor-widget-text-editor .elementor-drop-cap{float:left;text-align:center;line-height:1;font-size:50px}.elementor-widget-text-editor .elementor-drop-cap-letter{display:inline-block}<\/style>\t\t\t\t<h5><span style=\"text-decoration: underline;\"><strong>CONDICIONES GENERALES PROGRAMA DE FIDELIZACI\u00d3N FORMENTERA<\/strong><\/span><\/h5><h6>\u00a0<\/h6><h6><strong>\u00a01 &#8211; DISPOSICIONES GENERALES <\/strong><\/h6><p>El presente programa de fidelizaci\u00f3n de clientes (en adelante, \u201cPrograma de Fidelidad\u201d) es promovido y organizado por Pick Nick Catering, S.L., con domicilio en Av. Valdelaparra 49, 28108 Alcobendas (Madrid) \u2013 Espa\u00f1a y N\u00famero de Identificaci\u00f3n Fiscal B-85630317 y est\u00e1 sujeto a las condiciones generales contenidas en este documento (en adelante, las \u201cCondiciones Generales\u201d).<\/p><p>El Programa de Fidelidad Arrocer\u00eda Formentera est\u00e1 dirigido exclusivamente a las personas que cumplan los requisitos establecidos en estas Condiciones Generales y se adhieran al mismo en arreglo a lo establecido en el apartado II. Siguiente (en adelante, el \u201cCliente\u201d).<\/p><p>La adhesi\u00f3n por el Cliente al Programa de Fidelidad implicar\u00e1 la \u00edntegra aceptaci\u00f3n sin reservas por parte del Cliente de estas Condiciones Generales, Pick Nick Catering, S.L., no quedar\u00e1 vinculada por ninguna otra condici\u00f3n. El hecho de que Pick Nick Catering, S.L. no aplique en alguna ocasi\u00f3n alguna de estas Condiciones Generales no implica que renuncie a su derecho a exigir el cumplimiento de cualquiera de estas condiciones. La aplicaci\u00f3n del Programa de Fidelidad se limita a los Restaurantes y Servicios de la Arrocer\u00eda Formentera.<\/p><h6><strong>2 &#8211; ADHESI\u00d3N AL PROGRAMA DE FIDELIDAD Y OBTENCI\u00d3N DE LA TARJETA DE FIDELIDAD<\/strong><\/h6><p>El consumidor, toda persona f\u00edsica residente en Espa\u00f1a y mayor de edad (+18 a\u00f1os), tendr\u00e1 derecho a adherirse al Programa de Fidelidad.<\/p><p>A los efectos de las presentes Condiciones Generales, se entiende por (a) Arrocer\u00eda Formentera, cualquier establecimiento abierto al p\u00fablico en Espa\u00f1a, que opere bajo el nombre comercial de Arrocer\u00eda Formentera.<\/p><p>Para obtener la tarjeta debe registrarse en el \u00e1rea de clientes dentro de nuestra web <a href=\"https:\/\/www.arroceriaformentera.com.213-165-80-135.plesk.page\/en\/\">www.arroceriaformentera.com.213-165-80-135.plesk.page<\/a>.<\/p><p>Una vez registrado, dir\u00edjase al apartado de \u201cpuntos de fidelizaci\u00f3n\u201d. Se le pedir\u00e1 que rellene un formulario con sus datos y la aceptaci\u00f3n de las Condiciones para poder enviar su solicitud de alta de su tarjeta.<\/p><p>Recuerde que, para comenzar el tr\u00e1mite de alta de su tarjeta, debe validar su cuenta de correo en el mail que le enviar\u00e1 la plataforma de Preference Club (a la que pertenece el Club de Fidelizaci\u00f3n de Formentera), tras realizar su solicitud. Una vez realizada la verificaci\u00f3n y validaci\u00f3n, se gestionar\u00e1 el alta de la tarjeta para la sincronizaci\u00f3n con su perfil de cliente en nuestra BBDD (debe completar todos los datos correctamente para tramitar el alta).<\/p><p class=\" translation-block\">You can check the status of your application at any time in the \u2018Loyalty Points\u2019 section of your customer profile. Once your card is activated, the details will appear in that section.<\/p><p>Le recordamos que la activaci\u00f3n de su tarjeta no es inmediata y no debe confundirse con la fecha de comienzo de la solicitud de la misma.<\/p><p>En el plazo aproximado de cinco (5) semanas desde la solicitud de la Tarjeta de Fidelidad, Pick Nick Catering, S.L. remitir\u00e1 al Cliente en el domicilio que hubiese indicado en la solicitud un paquete de bienvenida que incluir\u00e1:<\/p><ul><li>Una carta de bienvenida al Programa de Fidelidad.<\/li><li>Su Tarjeta de Fidelidad nominativa al favor del Cliente.<\/li><\/ul><p>Todas las Tarjetas de Fidelidad son propiedad de Pick Nick Catering, S.L. y su uso por el Cliente es personal e intransferible.<\/p><h6><strong>3 &#8211; VIGENCIA DE LA TARJETA DE FIDELIDAD<\/strong><\/h6><p>La vigencia inicial de la Tarjeta de Fidelidad ser\u00e1 de doce (12) meses. Al vencimiento de este per\u00edodo inicial ser\u00e1 renovada por iguales per\u00edodos de duraci\u00f3n, siempre y cuando el Cliente haya realizado al menos una compra utilizando la Tarjeta de Fidelidad antes de la finalizaci\u00f3n del per\u00edodo inicial y, en su caso, de cualquiera de sus pr\u00f3rrogas.<\/p><p>En caso contrario, la Tarjeta de Fidelidad ser\u00e1 desactivada, sin derecho a compensaci\u00f3n alguna por los puntos que, en su caso, el Cliente pudiese tener acumulados. As\u00ed mismo indicar que el incumplimiento de las presentes condiciones generales supondr\u00e1 la anulaci\u00f3n de la tarjeta de fidelidad.<\/p><h6><strong>4 &#8211; DERECHOS DE LOS TITULARES DE LA TARJETA DE FIDELIDAD <\/strong><\/h6><p><span style=\"text-decoration: underline;\"><strong>(a) Acumulaci\u00f3n de puntos: <\/strong><\/span><\/p><p>La Tarjeta de Fidelidad permite a su titular, <strong>previa presentaci\u00f3n de la misma<\/strong>, acumular un punto por cada euro gastado en el Restaurante Arrocer\u00eda Formentera o bien a trav\u00e9s del Servicio a domicilio, desde el d\u00eda de la emisi\u00f3n de la tarjeta en el Programa de Fidelidad.<\/p><p>Esta acumulaci\u00f3n de puntos est\u00e1 en cualquier caso sujeta a la utilizaci\u00f3n que de los mismos se haga, seg\u00fan se establece en el apartado IV.B) de las presentes condiciones: La Tarjeta de Fidelidad no es un medio de pago. Los puntos no pueden cederse ni canjearse por dinero.<\/p><p>El n\u00famero de puntos acumulados puede consultarse:<\/p><ul><li>En nuestra p\u00e1gina web <span><a href=\"https:\/\/www.arroceriaformentera.com.213-165-80-135.plesk.page\/en\/\">www.arroceriaformentera.com.213-165-80-135.plesk.page<\/a> <\/span><\/li><li>En la p\u00e1gina web <a href=\"http:\/\/www.preferenceclub.com\">www.preferenceclub.com<\/a><\/li><\/ul><p><span style=\"text-decoration: underline;\"><strong>(b) Utilizaci\u00f3n de los puntos: <\/strong><\/span><\/p><p>Cuando el Cliente haya acumulado en puntos el valor equivalente a uno de nuestros productos podr\u00e1 realizar el canje de los puntos por el producto elegido. Ser\u00e1 necesario que el valor de los puntos alcance a la totalidad del valor del producto, no se realizar\u00e1n descuentos equivalentes al valor de los puntos en el caso de que los puntos acumulados no alcanzar\u00e1n el valor del producto deseado.<\/p><p>La tarjeta es de uso exclusivo por parte del Cliente titular de la misma, por lo que el Cliente deber\u00e1 presentarla en el momento de la compra.<\/p><p>El saldo de puntos se actualizar\u00e1 autom\u00e1ticamente, conservando los puntos que se excediesen una vez realizado el canje.<\/p><p><span style=\"text-decoration: underline;\"><strong>(c) Restricciones de uso: <\/strong><\/span><\/p><p>El programa de la tarjeta de fidelizaci\u00f3n de puntos no ser\u00e1 en ning\u00fan caso compatible con otras promociones y ofertas temporales disponibles de la marca \u2018Formentera\u2019 tales como \u2018Men\u00fa del d\u00eda\u2019 y por tanto, los puntos no ser\u00e1n ni acumulables ni canjeables para estos casos.<\/p><p>Se entender\u00e1 por promociones y ofertas incompatibles aquellas que:<\/p><p>&#8211; Ofrezcan productos o paquetes de productos que no forman parte de los productos pertenecientes a carta del restaurante y\/o carta del servicio a domicilio de manera habitual y permanente.<\/p><p>&#8211; Ofrezcan productos de car\u00e1cter temporal (delimitados en el tiempo), con un valor a\u00f1adido mediante descuentos, regalos, rebajas o precios especiales.<\/p><p>&#8211; Apliquen descuentos o rebajas sobre el valor habitual de los productos de carta, tanto en el importe de los productos individualmente como en el importe total del consumo de los productos de carta de restaurante y\/o carta del servicio a domicilio.<\/p><p>En caso de realizar un pedido a domicilio (env\u00edo a domicilio), por cada pedido se podr\u00e1 canjear como m\u00e1ximo s\u00f3lo hasta el equivalente a la mitad de la totalidad del importe de los productos del pedido, es decir, en caso de tener los puntos suficientes para canjear en su pedido, no podr\u00e1 realizar canjes que superen m\u00e1s de la mitad del total pedido (productos del pedido).<\/p><p><span style=\"text-decoration: underline;\"><strong>(d) suma de puntos:<\/strong><\/span><\/p><p>&#8211; No podr\u00e1n sumarse puntos correspondientes a consumos previos a la activaci\u00f3n de la tarjeta de fidelizaci\u00f3n en su cuenta.<\/p><p>&#8211; El tr\u00e1mite de la activaci\u00f3n de la cuenta no es inmediato y no debe confundirse con la solicitud de alta.<\/p><p>&#8211; Para consumos en local (restaurante), deben disponer de su tarjeta para facilit\u00e1rsela al personal previamente al pago de su consumo para la correcta suma de puntos.<\/p><p>&#8211; Los puntos no se sumar\u00e1n con car\u00e1cter retroactivo de ning\u00fan modo (a excepci\u00f3n de errores propios del sistema ajenos a un uso incorrecto por parte del cliente).<\/p><h6><strong>5 \u2013 MODIFICACIONES <\/strong><\/h6><p>Pick Nick Catering, S. L., se reserva el derecho de modificar las presentes Condiciones Generales, e informar\u00e1 a sus clientes de los eventuales cambios.<\/p><h6><strong>6 &#8211; EXCLUSIONES Y LIMITACIONES DE RESPONSABILIDAD DE PICK NICK CATERING, S. L <\/strong><\/h6><p>La Tarjeta de Fidelidad y los puntos presentados en este documento forman parte del programa de Fidelidad creado por Pick Nick Catering, S. L., la cual se reserva el derecho a poner fin a dicho programa en cualquier momento.<\/p><p>En el caso de que el mencionado programa se termine definitivamente, los clientes ser\u00e1n informados, y renuncian por la presente al ejercicio de cualquier acci\u00f3n jur\u00eddica contra Pick Nick Catering, S. L., por este motivo. El Cliente dispondr\u00e1 de un per\u00edodo de tres (3) meses desde la fecha de finalizaci\u00f3n del Programa de Fidelidad para seguir acumulando puntos con derecho a obtener descuentos. Tras la finalizaci\u00f3n de este per\u00edodo de tres (3) meses, no podr\u00e1 seguir acumulando puntos, sin perjuicio del derecho a utilizar durante un plazo de quince (15) d\u00edas los puntos acumulados, de acuerdo con lo establecido en el apartado IV. B de las presentes condiciones. Transcurrido este plazo adicional de quince (15) d\u00edas, no se podr\u00e1 beneficiarse de ning\u00fan descuento al amparo de este Programa de Fidelidad.<\/p><p>Las fotos de este folleto, as\u00ed como las que se puedan incluir en cualquiera de las otras comunicaciones que Pick Nick Catering, S. L., pudiese efectuar acorde con el Programa de Fidelidad, se incluyen a t\u00edtulo meramente informativo y no vinculan a Pick Nick Catering, S. L.<\/p><p>En caso de p\u00e9rdida o sustracci\u00f3n de su Tarjeta de Fidelidad, acceda a www.preferenceclub.com con su usuario y contrase\u00f1a de nuestra web. Una vez en el men\u00fa privado, haga clic en \u2018MIS TARJETAS Y PUNTOS\u2019 y despues pulse \u2018QUIERO UNA TARJETA NUEVA\u2019. Seleccione la tarjeta que le aparece en el desplegable (de esta forma anularemos la que tiene actualmente, para que nadie pueda utilizarla y le asignaremos una nueva vinculada a su cuenta Preference). Se generar\u00e1 un c\u00f3digo que debe facilitar en cualquiera de nuestros restaurantes para que le puedan vincular la tarjeta nueva a su perfil de cliente, permiti\u00e9ndole recuperar los puntos adquiridos y no utilizados de la tarjeta anterior.<\/p><p>Pick Nick Catering, S.L., se reserva el derecho de cobrar los gastos que la emisi\u00f3n de tal duplicado pudiera originar.<\/p><h6><strong>7 &#8211; PROTECCI\u00d3N DE DATOS DE CAR\u00c1CTER PERSONAL <\/strong><\/h6><p>Mediante la solicitud por parte del cliente de la \u00abTarjeta Fidelidad\u00bb autorizan a PICK NICK CATERING, S.L, con N\u00famero de Identificaci\u00f3n Fiscal: B-85630317 y domicilio en Alcobendas, Avenida de Valdelaparra\u00a0 n\u00ba 49, a incorporar sus datos personales a un fichero dado de alta en la Agencia Espa\u00f1ola de Protecci\u00f3n de Datos bajo la denominaci\u00f3n \u00abFICHERO DE CLIENTES\u00bb del que es responsable PICK NICK CATERING, S.L. cuya finalidad es la fidelizaci\u00f3n de sus clientes, gesti\u00f3n de sus datos personales y marketing autoriza expresamente el env\u00edo de comunicaciones publicitarias y promocionales por parte de PICK NICK CATERING, S.L. por correo ordinario o electr\u00f3nico, sms y\/o por cualquier otro medio de comunicaci\u00f3n\u00a0 asimismo consciente que sus datos de car\u00e1cter personal puedan ser cedidos a las sociedades\u00a0 CRM SISTEMAS DE FIDELIZACION, S.A., inscrita en bajo el comercial \u201cPreference Club\u201d con domicilio social en la calle Estigia,\u00a03 &#8211; 28037 Madrid. NIF:\u00a0\u00a0A83185967, con el exclusivo fin de permitir la gesti\u00f3n del Programa de Fidelidad, Si los participantes desean ejercitar sus derechos de acceso, rectificaci\u00f3n, cancelaci\u00f3n u oposici\u00f3n, podr\u00e1n hacerlo dirigi\u00e9ndose a PICK NICK CATERING, S.L. a la direcci\u00f3n postal anteriormente referida o por correo electr\u00f3nico dirigido a <a href=\"mailto:rgpd@picknick.es\">rgpd@picknick.es<\/a> \u00a0<\/p><h6><strong>8 &#8211; LEY APLICABLE Y JURISDICCI\u00d3N <\/strong><\/h6><p>Las presentes Condiciones Generales se regir\u00e1n por la legislaci\u00f3n espa\u00f1ola, someti\u00e9ndose tanto Pick Nick Catering, S.L como los Clientes a la jurisdicci\u00f3n exclusiva de los Juzgados y Tribunales de Madrid, con renuncia expresa al fuero que pudiera corresponderle.<\/p>\t\t\t\t\t\t<\/div>\n\t\t\t\t<\/div>\n\t\t\t\t\t<\/div>\n\t\t<\/div>\n\t\t\t\t\t\t\t<\/div>\n\t\t<\/section>\n\t\t\t\t\t\t\t<\/div>","protected":false},"excerpt":{"rendered":"<p>CONDICIONES GENERALES PROGRAMA DE FIDELIZACI\u00d3N FORMENTERA &nbsp; &nbsp;1 &#8211; DISPOSICIONES GENERALES El presente programa de fidelizaci\u00f3n de clientes (en adelante, \u201cPrograma de Fidelidad\u201d) es promovido y organizado por Pick Nick Catering, S.L., con domicilio en Av. Valdelaparra 49, 28108 Alcobendas (Madrid) \u2013 Espa\u00f1a y N\u00famero de Identificaci\u00f3n Fiscal B-85630317 y est\u00e1 sujeto a las condiciones [&hellip;]<\/p>","protected":false},"author":1,"featured_media":0,"parent":0,"menu_order":0,"comment_status":"closed","ping_status":"closed","template":"","meta":{"footnotes":""},"class_list":["post-7361","page","type-page","status-publish","hentry"],"yoast_head":"<!-- This site is optimized with the Yoast SEO plugin v21.3 - https:\/\/yoast.com\/wordpress\/plugins\/seo\/ -->\n<title>Condiciones programa fidelizaci\u00f3n - Arrocer\u00eda Formentera<\/title>\n<meta name=\"description\" content=\"Condiciones y t\u00e9rminos de uso del programa de fidelizaci\u00f3n del Club Formentera con el que disfrutar\u00e1s de ofertas y descuentos exclusivos...\" \/>\n<meta name=\"robots\" content=\"index, follow, max-snippet:-1, max-image-preview:large, max-video-preview:-1\" \/>\n<link rel=\"canonical\" href=\"https:\/\/www.arroceriaformentera.com.213-165-80-135.plesk.page\/en\/condiciones-programa-fidelizacion\/\" \/>\n<meta property=\"og:locale\" content=\"en_US\" \/>\n<meta property=\"og:type\" content=\"article\" \/>\n<meta property=\"og:title\" content=\"Condiciones programa fidelizaci\u00f3n - Arrocer\u00eda Formentera\" \/>\n<meta property=\"og:description\" content=\"Condiciones y t\u00e9rminos de uso del programa de fidelizaci\u00f3n del Club Formentera con el que disfrutar\u00e1s de ofertas y descuentos exclusivos...\" \/>\n<meta property=\"og:url\" content=\"https:\/\/www.arroceriaformentera.com.213-165-80-135.plesk.page\/en\/condiciones-programa-fidelizacion\/\" \/>\n<meta property=\"og:site_name\" content=\"Arrocer\u00eda Formentera\" \/>\n<meta property=\"article:modified_time\" content=\"2024-09-02T15:32:04+00:00\" \/>\n<meta name=\"twitter:card\" content=\"summary_large_image\" \/>\n<meta name=\"twitter:label1\" content=\"Est. reading time\" \/>\n\t<meta name=\"twitter:data1\" content=\"9 minutes\" \/>\n<script type=\"application\/ld+json\" class=\"yoast-schema-graph\">{\"@context\":\"https:\/\/schema.org\",\"@graph\":[{\"@type\":\"WebPage\",\"@id\":\"https:\/\/www.arroceriaformentera.com.213-165-80-135.plesk.page\/condiciones-programa-fidelizacion\/\",\"url\":\"https:\/\/www.arroceriaformentera.com.213-165-80-135.plesk.page\/condiciones-programa-fidelizacion\/\",\"name\":\"Condiciones programa fidelizaci\u00f3n - Arrocer\u00eda Formentera\",\"isPartOf\":{\"@id\":\"https:\/\/www.arroceriaformentera.com.213-165-80-135.plesk.page\/#website\"},\"datePublished\":\"2023-04-04T14:32:08+00:00\",\"dateModified\":\"2024-09-02T15:32:04+00:00\",\"description\":\"Condiciones y t\u00e9rminos de uso del programa de fidelizaci\u00f3n del Club Formentera con el que disfrutar\u00e1s de ofertas y descuentos exclusivos...\",\"inLanguage\":\"en-US\",\"potentialAction\":[{\"@type\":\"ReadAction\",\"target\":[\"https:\/\/www.arroceriaformentera.com.213-165-80-135.plesk.page\/condiciones-programa-fidelizacion\/\"]}]},{\"@type\":\"WebSite\",\"@id\":\"https:\/\/www.arroceriaformentera.com.213-165-80-135.plesk.page\/#website\",\"url\":\"https:\/\/www.arroceriaformentera.com.213-165-80-135.plesk.page\/\",\"name\":\"Arrocer\u00eda Formentera\",\"description\":\"Restaurante\",\"potentialAction\":[{\"@type\":\"SearchAction\",\"target\":{\"@type\":\"EntryPoint\",\"urlTemplate\":\"https:\/\/www.arroceriaformentera.com.213-165-80-135.plesk.page\/?s={search_term_string}\"},\"query-input\":\"required name=search_term_string\"}],\"inLanguage\":\"en-US\"}]}<\/script>\n<!-- \/ Yoast SEO plugin. -->","yoast_head_json":{"title":"Condiciones programa fidelizaci\u00f3n - Arrocer\u00eda Formentera","description":"Condiciones y t\u00e9rminos de uso del programa de fidelizaci\u00f3n del Club Formentera con el que disfrutar\u00e1s de ofertas y descuentos exclusivos...","robots":{"index":"index","follow":"follow","max-snippet":"max-snippet:-1","max-image-preview":"max-image-preview:large","max-video-preview":"max-video-preview:-1"},"canonical":"https:\/\/www.arroceriaformentera.com.213-165-80-135.plesk.page\/en\/condiciones-programa-fidelizacion\/","og_locale":"en_US","og_type":"article","og_title":"Condiciones programa fidelizaci\u00f3n - Arrocer\u00eda Formentera","og_description":"Condiciones y t\u00e9rminos de uso del programa de fidelizaci\u00f3n del Club Formentera con el que disfrutar\u00e1s de ofertas y descuentos exclusivos...","og_url":"https:\/\/www.arroceriaformentera.com.213-165-80-135.plesk.page\/en\/condiciones-programa-fidelizacion\/","og_site_name":"Arrocer\u00eda Formentera","article_modified_time":"2024-09-02T15:32:04+00:00","twitter_card":"summary_large_image","twitter_misc":{"Est. reading time":"9 minutes"},"schema":{"@context":"https:\/\/schema.org","@graph":[{"@type":"WebPage","@id":"https:\/\/www.arroceriaformentera.com.213-165-80-135.plesk.page\/condiciones-programa-fidelizacion\/","url":"https:\/\/www.arroceriaformentera.com.213-165-80-135.plesk.page\/condiciones-programa-fidelizacion\/","name":"Condiciones programa fidelizaci\u00f3n - Arrocer\u00eda Formentera","isPartOf":{"@id":"https:\/\/www.arroceriaformentera.com.213-165-80-135.plesk.page\/#website"},"datePublished":"2023-04-04T14:32:08+00:00","dateModified":"2024-09-02T15:32:04+00:00","description":"Condiciones y t\u00e9rminos de uso del programa de fidelizaci\u00f3n del Club Formentera con el que disfrutar\u00e1s de ofertas y descuentos exclusivos...","inLanguage":"en-US","potentialAction":[{"@type":"ReadAction","target":["https:\/\/www.arroceriaformentera.com.213-165-80-135.plesk.page\/condiciones-programa-fidelizacion\/"]}]},{"@type":"WebSite","@id":"https:\/\/www.arroceriaformentera.com.213-165-80-135.plesk.page\/#website","url":"https:\/\/www.arroceriaformentera.com.213-165-80-135.plesk.page\/","name":"Arrocer\u00eda Formentera","description":"Restaurante","potentialAction":[{"@type":"SearchAction","target":{"@type":"EntryPoint","urlTemplate":"https:\/\/www.arroceriaformentera.com.213-165-80-135.plesk.page\/?s={search_term_string}"},"query-input":"required name=search_term_string"}],"inLanguage":"en-US"}]}},"_links":{"self":[{"href":"https:\/\/www.arroceriaformentera.com.213-165-80-135.plesk.page\/en\/wp-json\/wp\/v2\/pages\/7361","targetHints":{"allow":["GET"]}}],"collection":[{"href":"https:\/\/www.arroceriaformentera.com.213-165-80-135.plesk.page\/en\/wp-json\/wp\/v2\/pages"}],"about":[{"href":"https:\/\/www.arroceriaformentera.com.213-165-80-135.plesk.page\/en\/wp-json\/wp\/v2\/types\/page"}],"author":[{"embeddable":true,"href":"https:\/\/www.arroceriaformentera.com.213-165-80-135.plesk.page\/en\/wp-json\/wp\/v2\/users\/1"}],"replies":[{"embeddable":true,"href":"https:\/\/www.arroceriaformentera.com.213-165-80-135.plesk.page\/en\/wp-json\/wp\/v2\/comments?post=7361"}],"version-history":[{"count":64,"href":"https:\/\/www.arroceriaformentera.com.213-165-80-135.plesk.page\/en\/wp-json\/wp\/v2\/pages\/7361\/revisions"}],"predecessor-version":[{"id":12352,"href":"https:\/\/www.arroceriaformentera.com.213-165-80-135.plesk.page\/en\/wp-json\/wp\/v2\/pages\/7361\/revisions\/12352"}],"wp:attachment":[{"href":"https:\/\/www.arroceriaformentera.com.213-165-80-135.plesk.page\/en\/wp-json\/wp\/v2\/media?parent=7361"}],"curies":[{"name":"wp","href":"https:\/\/api.w.org\/{rel}","templated":true}]}}