{"id":8384,"date":"2023-05-17T12:22:21","date_gmt":"2023-05-17T10:22:21","guid":{"rendered":"https:\/\/www.arroceriaformentera.com.213-165-80-135.plesk.page\/?page_id=8384"},"modified":"2026-01-12T08:35:05","modified_gmt":"2026-01-12T07:35:05","slug":"menus-del-dia","status":"publish","type":"page","link":"https:\/\/www.arroceriaformentera.com.213-165-80-135.plesk.page\/en\/menus-del-dia\/","title":{"rendered":"Daily menus"},"content":{"rendered":"<div data-elementor-type=\"wp-page\" data-elementor-id=\"8384\" class=\"elementor elementor-8384\">\n\t\t\t\t\t\t\t\t\t<section class=\"elementor-section elementor-top-section elementor-element elementor-element-663ca40 elementor-section-boxed elementor-section-height-default elementor-section-height-default\" data-id=\"663ca40\" data-element_type=\"section\">\n\t\t\t\t\t\t<div class=\"elementor-container elementor-column-gap-default\">\n\t\t\t\t\t<div class=\"elementor-column elementor-col-33 elementor-top-column elementor-element elementor-element-02c7678\" data-id=\"02c7678\" data-element_type=\"column\" data-settings=\"{&quot;background_background&quot;:&quot;slideshow&quot;,&quot;background_slideshow_gallery&quot;:[],&quot;background_slideshow_loop&quot;:&quot;yes&quot;,&quot;background_slideshow_slide_duration&quot;:5000,&quot;background_slideshow_slide_transition&quot;:&quot;fade&quot;,&quot;background_slideshow_transition_duration&quot;:500}\">\n\t\t\t<div class=\"elementor-widget-wrap elementor-element-populated\">\n\t\t\t\t\t\t\t\t<div class=\"elementor-element elementor-element-ba30e81 elementor-widget elementor-widget-spacer\" data-id=\"ba30e81\" data-element_type=\"widget\" data-widget_type=\"spacer.default\">\n\t\t\t\t<div class=\"elementor-widget-container\">\n\t\t\t<style>\/*! elementor - v3.12.0 - 29-03-2023 *\/\n.elementor-column .elementor-spacer-inner{height:var(--spacer-size)}.e-con{--container-widget-width:100%}.e-con-inner>.elementor-widget-spacer,.e-con>.elementor-widget-spacer{width:var(--container-widget-width,var(--spacer-size));--align-self:var(--container-widget-align-self,initial);--flex-shrink:0}.e-con-inner>.elementor-widget-spacer>.elementor-widget-container,.e-con-inner>.elementor-widget-spacer>.elementor-widget-container>.elementor-spacer,.e-con>.elementor-widget-spacer>.elementor-widget-container,.e-con>.elementor-widget-spacer>.elementor-widget-container>.elementor-spacer{height:100%}.e-con-inner>.elementor-widget-spacer>.elementor-widget-container>.elementor-spacer>.elementor-spacer-inner,.e-con>.elementor-widget-spacer>.elementor-widget-container>.elementor-spacer>.elementor-spacer-inner{height:var(--container-widget-height,var(--spacer-size))}<\/style>\t\t<div class=\"elementor-spacer\">\n\t\t\t<div class=\"elementor-spacer-inner\"><\/div>\n\t\t<\/div>\n\t\t\t\t<\/div>\n\t\t\t\t<\/div>\n\t\t\t\t<div class=\"elementor-element elementor-element-1fd9f2c acenter divider_yes elementor-widget elementor-widget-wgl-double-heading\" data-id=\"1fd9f2c\" data-element_type=\"widget\" data-widget_type=\"wgl-double-heading.default\">\n\t\t\t\t<div class=\"elementor-widget-container\">\n\t\t\t<div class=\"wgl-double-heading\"><h3 class=\"dblh__title-wrapper\"><span class=\"dblh__title dblh__title-1\">Alcobendas<\/span><\/h3><span class=\"dblh__divider\"><span><\/span><\/span><\/div>\t\t<\/div>\n\t\t\t\t<\/div>\n\t\t\t\t<div class=\"elementor-element elementor-element-b27b648 front-acenter elementor-widget elementor-widget-wgl-flipbox\" data-id=\"b27b648\" data-element_type=\"widget\" data-widget_type=\"wgl-flipbox.default\">\n\t\t\t\t<div class=\"elementor-widget-container\">\n\t\t\t<div class=\"wgl-flipbox type_flip_right\"><div class=\"wgl-flipbox_wrap\"><div class=\"wgl-flipbox_front\"><h3 class=\"wgl-flipbox_title\">Menus<\/h3><div class=\"wgl-flipbox_subtitle\">Formentera<\/div><\/div><div class=\"wgl-flipbox_back\"><h3 class=\"wgl-flipbox_title\"><span>Includes: starter, main course, drink, peace of bread, dessert or coffee.<\/span><\/h3><div class=\"wgl-flipbox_content\"><p>Available for lunch time (13h to 16h) from Monday to Friday (except holidays) at restaurant and for delivery orders* <a href=\"https:\/\/www.arroceriaformentera.com.213-165-80-135.plesk.page\/en\/menu-del-dia-alcobendas\/\">(Check delivery option details)*<\/a><\/p><\/div><div class=\"wgl-flipbox_button-wrap\"><a class=\"wgl-button btn-size-xl\" href=\"https:\/\/www.arroceriaformentera.com.213-165-80-135.plesk.page\/en\/menu-del-dia-alcobendas\/\">VIEW MENU<\/a><\/div><\/div><\/div><\/div>\t\t<\/div>\n\t\t\t\t<\/div>\n\t\t\t\t<div class=\"elementor-element elementor-element-4a65dba elementor-widget elementor-widget-spacer\" data-id=\"4a65dba\" data-element_type=\"widget\" data-widget_type=\"spacer.default\">\n\t\t\t\t<div class=\"elementor-widget-container\">\n\t\t\t\t\t<div class=\"elementor-spacer\">\n\t\t\t<div class=\"elementor-spacer-inner\"><\/div>\n\t\t<\/div>\n\t\t\t\t<\/div>\n\t\t\t\t<\/div>\n\t\t\t\t\t<\/div>\n\t\t<\/div>\n\t\t\t\t<div class=\"elementor-column elementor-col-33 elementor-top-column elementor-element elementor-element-f16dc32\" data-id=\"f16dc32\" data-element_type=\"column\" data-settings=\"{&quot;background_background&quot;:&quot;slideshow&quot;,&quot;background_slideshow_gallery&quot;:[],&quot;background_slideshow_loop&quot;:&quot;yes&quot;,&quot;background_slideshow_slide_duration&quot;:5000,&quot;background_slideshow_slide_transition&quot;:&quot;fade&quot;,&quot;background_slideshow_transition_duration&quot;:500}\">\n\t\t\t<div class=\"elementor-widget-wrap elementor-element-populated\">\n\t\t\t\t\t\t\t\t<div class=\"elementor-element elementor-element-854c179 elementor-widget elementor-widget-spacer\" data-id=\"854c179\" data-element_type=\"widget\" data-widget_type=\"spacer.default\">\n\t\t\t\t<div class=\"elementor-widget-container\">\n\t\t\t\t\t<div class=\"elementor-spacer\">\n\t\t\t<div class=\"elementor-spacer-inner\"><\/div>\n\t\t<\/div>\n\t\t\t\t<\/div>\n\t\t\t\t<\/div>\n\t\t\t\t<div class=\"elementor-element elementor-element-9effdbd acenter divider_yes elementor-widget elementor-widget-wgl-double-heading\" data-id=\"9effdbd\" data-element_type=\"widget\" data-widget_type=\"wgl-double-heading.default\">\n\t\t\t\t<div class=\"elementor-widget-container\">\n\t\t\t<div class=\"wgl-double-heading\"><h3 class=\"dblh__title-wrapper\"><span class=\"dblh__title dblh__title-1\">Montecarmelo<\/span><\/h3><span class=\"dblh__divider\"><span><\/span><\/span><\/div>\t\t<\/div>\n\t\t\t\t<\/div>\n\t\t\t\t<div class=\"elementor-element elementor-element-d43bc19 front-acenter elementor-widget elementor-widget-wgl-flipbox\" data-id=\"d43bc19\" data-element_type=\"widget\" data-widget_type=\"wgl-flipbox.default\">\n\t\t\t\t<div class=\"elementor-widget-container\">\n\t\t\t<div class=\"wgl-flipbox type_flip_right\"><div class=\"wgl-flipbox_wrap\"><div class=\"wgl-flipbox_front\"><h3 class=\"wgl-flipbox_title\">Menus<\/h3><div class=\"wgl-flipbox_subtitle\">Formentera<\/div><\/div><div class=\"wgl-flipbox_back\"><h3 class=\"wgl-flipbox_title\"><span>Includes: starter, main course, drink, peace of bread, dessert or coffee.<\/span><\/h3><div class=\"wgl-flipbox_content\"><p>Available for lunch time (13h to 16h) from Monday to Friday (except holidays) at restaurant and for delivery orders* <a href=\"https:\/\/www.arroceriaformentera.com.213-165-80-135.plesk.page\/en\/menu-del-dia-montecarmelo\/\">(Check delivery option details)*<\/a><\/p><\/div><div class=\"wgl-flipbox_button-wrap\"><a class=\"wgl-button btn-size-xl\" href=\"https:\/\/www.arroceriaformentera.com.213-165-80-135.plesk.page\/en\/menu-del-dia-montecarmelo\/\">VIEW MENU<\/a><\/div><\/div><\/div><\/div>\t\t<\/div>\n\t\t\t\t<\/div>\n\t\t\t\t<div class=\"elementor-element elementor-element-d340353 elementor-widget elementor-widget-spacer\" data-id=\"d340353\" data-element_type=\"widget\" data-widget_type=\"spacer.default\">\n\t\t\t\t<div class=\"elementor-widget-container\">\n\t\t\t\t\t<div class=\"elementor-spacer\">\n\t\t\t<div class=\"elementor-spacer-inner\"><\/div>\n\t\t<\/div>\n\t\t\t\t<\/div>\n\t\t\t\t<\/div>\n\t\t\t\t\t<\/div>\n\t\t<\/div>\n\t\t\t\t<div class=\"elementor-column elementor-col-33 elementor-top-column elementor-element elementor-element-53784f6\" data-id=\"53784f6\" data-element_type=\"column\" data-settings=\"{&quot;background_background&quot;:&quot;slideshow&quot;,&quot;background_slideshow_gallery&quot;:[],&quot;background_slideshow_loop&quot;:&quot;yes&quot;,&quot;background_slideshow_slide_duration&quot;:5000,&quot;background_slideshow_slide_transition&quot;:&quot;fade&quot;,&quot;background_slideshow_transition_duration&quot;:500}\">\n\t\t\t<div class=\"elementor-widget-wrap elementor-element-populated\">\n\t\t\t\t\t\t\t\t<div class=\"elementor-element elementor-element-32dd851 elementor-widget elementor-widget-spacer\" data-id=\"32dd851\" data-element_type=\"widget\" data-widget_type=\"spacer.default\">\n\t\t\t\t<div class=\"elementor-widget-container\">\n\t\t\t\t\t<div class=\"elementor-spacer\">\n\t\t\t<div class=\"elementor-spacer-inner\"><\/div>\n\t\t<\/div>\n\t\t\t\t<\/div>\n\t\t\t\t<\/div>\n\t\t\t\t<div class=\"elementor-element elementor-element-6aa3f01 acenter divider_yes elementor-widget elementor-widget-wgl-double-heading\" data-id=\"6aa3f01\" data-element_type=\"widget\" data-widget_type=\"wgl-double-heading.default\">\n\t\t\t\t<div class=\"elementor-widget-container\">\n\t\t\t<div class=\"wgl-double-heading\"><h3 class=\"dblh__title-wrapper\"><span class=\"dblh__title dblh__title-1\">Tres Cantos<\/span><\/h3><span class=\"dblh__divider\"><span><\/span><\/span><\/div>\t\t<\/div>\n\t\t\t\t<\/div>\n\t\t\t\t<div class=\"elementor-element elementor-element-afe1dfe front-acenter elementor-widget elementor-widget-wgl-flipbox\" data-id=\"afe1dfe\" data-element_type=\"widget\" data-widget_type=\"wgl-flipbox.default\">\n\t\t\t\t<div class=\"elementor-widget-container\">\n\t\t\t<div class=\"wgl-flipbox type_flip_right\"><div class=\"wgl-flipbox_wrap\"><div class=\"wgl-flipbox_front\"><h3 class=\"wgl-flipbox_title\">Menus<\/h3><div class=\"wgl-flipbox_subtitle\">Formentera<\/div><\/div><div class=\"wgl-flipbox_back\"><h3 class=\"wgl-flipbox_title\"><span>Includes: starter, main course, drink, peace of bread and dessert.<\/span><\/h3><div class=\"wgl-flipbox_content\"><p><span>Available for meals from Monday to Friday (except holidays) only for delivery orders*<\/span><\/p><\/div><div class=\"wgl-flipbox_button-wrap\"><a class=\"wgl-button btn-size-xl\" href=\"https:\/\/www.arroceriaformentera.com.213-165-80-135.plesk.page\/en\/menu-del-dia-tres-cantos\/\">VIEW MENU<\/a><\/div><\/div><\/div><\/div>\t\t<\/div>\n\t\t\t\t<\/div>\n\t\t\t\t<div class=\"elementor-element elementor-element-c657e60 elementor-widget elementor-widget-spacer\" data-id=\"c657e60\" data-element_type=\"widget\" data-widget_type=\"spacer.default\">\n\t\t\t\t<div class=\"elementor-widget-container\">\n\t\t\t\t\t<div class=\"elementor-spacer\">\n\t\t\t<div class=\"elementor-spacer-inner\"><\/div>\n\t\t<\/div>\n\t\t\t\t<\/div>\n\t\t\t\t<\/div>\n\t\t\t\t\t<\/div>\n\t\t<\/div>\n\t\t\t\t\t\t\t<\/div>\n\t\t<\/section>\n\t\t\t\t<section class=\"elementor-section elementor-top-section elementor-element elementor-element-0f8ff04 elementor-hidden-desktop elementor-hidden-tablet elementor-hidden-mobile elementor-section-boxed elementor-section-height-default elementor-section-height-default\" data-id=\"0f8ff04\" data-element_type=\"section\">\n\t\t\t\t\t\t<div class=\"elementor-container elementor-column-gap-default\">\n\t\t\t\t\t<div class=\"elementor-column elementor-col-100 elementor-top-column elementor-element elementor-element-f7e5c66\" data-id=\"f7e5c66\" data-element_type=\"column\">\n\t\t\t<div class=\"elementor-widget-wrap elementor-element-populated\">\n\t\t\t\t\t\t\t\t<div class=\"elementor-element elementor-element-01c6c5f elementor-widget elementor-widget-text-editor\" data-id=\"01c6c5f\" data-element_type=\"widget\" data-widget_type=\"text-editor.default\">\n\t\t\t\t<div class=\"elementor-widget-container\">\n\t\t\t<style>\/*! elementor - v3.12.0 - 29-03-2023 *\/\n.elementor-widget-text-editor.elementor-drop-cap-view-stacked .elementor-drop-cap{background-color:#69727d;color:#fff}.elementor-widget-text-editor.elementor-drop-cap-view-framed .elementor-drop-cap{color:#69727d;border:3px solid;background-color:transparent}.elementor-widget-text-editor:not(.elementor-drop-cap-view-default) .elementor-drop-cap{margin-top:8px}.elementor-widget-text-editor:not(.elementor-drop-cap-view-default) .elementor-drop-cap-letter{width:1em;height:1em}.elementor-widget-text-editor .elementor-drop-cap{float:left;text-align:center;line-height:1;font-size:50px}.elementor-widget-text-editor .elementor-drop-cap-letter{display:inline-block}<\/style>\t\t\t\t<p>Durante el mes de agosto de 2025 no estar\u00e1 disponible el men\u00fa del d\u00eda en Alcobendas y Montecarmelo, ni para tomar en el local ni para llevar pero seguimos ofreciendo nuestra carta de restaurante todos los d\u00edas. Disculpen las molestias.<\/p>\t\t\t\t\t\t<\/div>\n\t\t\t\t<\/div>\n\t\t\t\t\t<\/div>\n\t\t<\/div>\n\t\t\t\t\t\t\t<\/div>\n\t\t<\/section>\n\t\t\t\t\t\t\t<\/div>","protected":false},"excerpt":{"rendered":"<p>Alcobendas Men\u00fa del d\u00eda Incluye: primero, segundo, bebida, pan, postre o caf\u00e9 Disponible para consumo de 13h a 16h de lunes a viernes (excepto festivos) en el restaurante y a domicilio* (ver condiciones a domicilio) VER MEN\u00da Montecarmelo Men\u00fa del d\u00eda Incluye: primero, segundo, bebida, pan, postre o caf\u00e9 Disponible para consumo de 13h a [&hellip;]<\/p>","protected":false},"author":2,"featured_media":7047,"parent":0,"menu_order":0,"comment_status":"closed","ping_status":"closed","template":"","meta":{"footnotes":""},"class_list":["post-8384","page","type-page","status-publish","has-post-thumbnail","hentry"],"yoast_head":"<!-- This site is optimized with the Yoast SEO plugin v21.3 - https:\/\/yoast.com\/wordpress\/plugins\/seo\/ -->\n<title>Men\u00fas del d\u00eda - Arrocer\u00eda Formentera<\/title>\n<meta name=\"description\" content=\"Descubre nuestros men\u00fas del d\u00eda en Alcobendas, Montecarmelo y Tres Cantos de lunes a viernes en nuestros restaurantes y a domicilio.\" \/>\n<meta name=\"robots\" content=\"index, follow, max-snippet:-1, max-image-preview:large, max-video-preview:-1\" \/>\n<link rel=\"canonical\" href=\"https:\/\/www.arroceriaformentera.com.213-165-80-135.plesk.page\/en\/menus-del-dia\/\" \/>\n<meta property=\"og:locale\" content=\"en_US\" \/>\n<meta property=\"og:type\" content=\"article\" \/>\n<meta property=\"og:title\" content=\"Men\u00fas del d\u00eda - Arrocer\u00eda Formentera\" \/>\n<meta property=\"og:description\" content=\"Descubre nuestros men\u00fas del d\u00eda en Alcobendas, Montecarmelo y Tres Cantos de lunes a viernes en nuestros restaurantes y a domicilio.\" \/>\n<meta property=\"og:url\" content=\"https:\/\/www.arroceriaformentera.com.213-165-80-135.plesk.page\/en\/menus-del-dia\/\" \/>\n<meta property=\"og:site_name\" content=\"Arrocer\u00eda Formentera\" \/>\n<meta property=\"article:modified_time\" content=\"2026-01-12T07:35:05+00:00\" \/>\n<meta property=\"og:image\" content=\"https:\/\/www.arroceriaformentera.com\/wp-content\/uploads\/2023\/03\/alcachofa.png\" \/>\n\t<meta property=\"og:image:width\" content=\"1000\" \/>\n\t<meta property=\"og:image:height\" content=\"1000\" \/>\n\t<meta property=\"og:image:type\" content=\"image\/png\" \/>\n<meta name=\"twitter:card\" content=\"summary_large_image\" \/>\n<meta name=\"twitter:label1\" content=\"Est. reading time\" \/>\n\t<meta name=\"twitter:data1\" content=\"1 minute\" \/>\n<script type=\"application\/ld+json\" class=\"yoast-schema-graph\">{\"@context\":\"https:\/\/schema.org\",\"@graph\":[{\"@type\":\"WebPage\",\"@id\":\"https:\/\/www.arroceriaformentera.com.213-165-80-135.plesk.page\/menus-del-dia\/\",\"url\":\"https:\/\/www.arroceriaformentera.com.213-165-80-135.plesk.page\/menus-del-dia\/\",\"name\":\"Men\u00fas del d\u00eda - Arrocer\u00eda Formentera\",\"isPartOf\":{\"@id\":\"https:\/\/www.arroceriaformentera.com.213-165-80-135.plesk.page\/#website\"},\"datePublished\":\"2023-05-17T10:22:21+00:00\",\"dateModified\":\"2026-01-12T07:35:05+00:00\",\"description\":\"Descubre nuestros men\u00fas del d\u00eda en Alcobendas, Montecarmelo y Tres Cantos de lunes a viernes en nuestros restaurantes y a domicilio.\",\"inLanguage\":\"en-US\",\"potentialAction\":[{\"@type\":\"ReadAction\",\"target\":[\"https:\/\/www.arroceriaformentera.com.213-165-80-135.plesk.page\/menus-del-dia\/\"]}]},{\"@type\":\"WebSite\",\"@id\":\"https:\/\/www.arroceriaformentera.com.213-165-80-135.plesk.page\/#website\",\"url\":\"https:\/\/www.arroceriaformentera.com.213-165-80-135.plesk.page\/\",\"name\":\"Arrocer\u00eda Formentera\",\"description\":\"Restaurante\",\"potentialAction\":[{\"@type\":\"SearchAction\",\"target\":{\"@type\":\"EntryPoint\",\"urlTemplate\":\"https:\/\/www.arroceriaformentera.com.213-165-80-135.plesk.page\/?s={search_term_string}\"},\"query-input\":\"required name=search_term_string\"}],\"inLanguage\":\"en-US\"}]}<\/script>\n<!-- \/ Yoast SEO plugin. -->","yoast_head_json":{"title":"Men\u00fas del d\u00eda - Arrocer\u00eda Formentera","description":"Descubre nuestros men\u00fas del d\u00eda en Alcobendas, Montecarmelo y Tres Cantos de lunes a viernes en nuestros restaurantes y a domicilio.","robots":{"index":"index","follow":"follow","max-snippet":"max-snippet:-1","max-image-preview":"max-image-preview:large","max-video-preview":"max-video-preview:-1"},"canonical":"https:\/\/www.arroceriaformentera.com.213-165-80-135.plesk.page\/en\/menus-del-dia\/","og_locale":"en_US","og_type":"article","og_title":"Men\u00fas del d\u00eda - Arrocer\u00eda Formentera","og_description":"Descubre nuestros men\u00fas del d\u00eda en Alcobendas, Montecarmelo y Tres Cantos de lunes a viernes en nuestros restaurantes y a domicilio.","og_url":"https:\/\/www.arroceriaformentera.com.213-165-80-135.plesk.page\/en\/menus-del-dia\/","og_site_name":"Arrocer\u00eda Formentera","article_modified_time":"2026-01-12T07:35:05+00:00","og_image":[{"width":1000,"height":1000,"url":"https:\/\/www.arroceriaformentera.com\/wp-content\/uploads\/2023\/03\/alcachofa.png","type":"image\/png"}],"twitter_card":"summary_large_image","twitter_misc":{"Est. reading time":"1 minute"},"schema":{"@context":"https:\/\/schema.org","@graph":[{"@type":"WebPage","@id":"https:\/\/www.arroceriaformentera.com.213-165-80-135.plesk.page\/menus-del-dia\/","url":"https:\/\/www.arroceriaformentera.com.213-165-80-135.plesk.page\/menus-del-dia\/","name":"Men\u00fas del d\u00eda - Arrocer\u00eda Formentera","isPartOf":{"@id":"https:\/\/www.arroceriaformentera.com.213-165-80-135.plesk.page\/#website"},"datePublished":"2023-05-17T10:22:21+00:00","dateModified":"2026-01-12T07:35:05+00:00","description":"Descubre nuestros men\u00fas del d\u00eda en Alcobendas, Montecarmelo y Tres Cantos de lunes a viernes en nuestros restaurantes y a domicilio.","inLanguage":"en-US","potentialAction":[{"@type":"ReadAction","target":["https:\/\/www.arroceriaformentera.com.213-165-80-135.plesk.page\/menus-del-dia\/"]}]},{"@type":"WebSite","@id":"https:\/\/www.arroceriaformentera.com.213-165-80-135.plesk.page\/#website","url":"https:\/\/www.arroceriaformentera.com.213-165-80-135.plesk.page\/","name":"Arrocer\u00eda Formentera","description":"Restaurante","potentialAction":[{"@type":"SearchAction","target":{"@type":"EntryPoint","urlTemplate":"https:\/\/www.arroceriaformentera.com.213-165-80-135.plesk.page\/?s={search_term_string}"},"query-input":"required name=search_term_string"}],"inLanguage":"en-US"}]}},"_links":{"self":[{"href":"https:\/\/www.arroceriaformentera.com.213-165-80-135.plesk.page\/en\/wp-json\/wp\/v2\/pages\/8384","targetHints":{"allow":["GET"]}}],"collection":[{"href":"https:\/\/www.arroceriaformentera.com.213-165-80-135.plesk.page\/en\/wp-json\/wp\/v2\/pages"}],"about":[{"href":"https:\/\/www.arroceriaformentera.com.213-165-80-135.plesk.page\/en\/wp-json\/wp\/v2\/types\/page"}],"author":[{"embeddable":true,"href":"https:\/\/www.arroceriaformentera.com.213-165-80-135.plesk.page\/en\/wp-json\/wp\/v2\/users\/2"}],"replies":[{"embeddable":true,"href":"https:\/\/www.arroceriaformentera.com.213-165-80-135.plesk.page\/en\/wp-json\/wp\/v2\/comments?post=8384"}],"version-history":[{"count":84,"href":"https:\/\/www.arroceriaformentera.com.213-165-80-135.plesk.page\/en\/wp-json\/wp\/v2\/pages\/8384\/revisions"}],"predecessor-version":[{"id":13556,"href":"https:\/\/www.arroceriaformentera.com.213-165-80-135.plesk.page\/en\/wp-json\/wp\/v2\/pages\/8384\/revisions\/13556"}],"wp:featuredmedia":[{"embeddable":true,"href":"https:\/\/www.arroceriaformentera.com.213-165-80-135.plesk.page\/en\/wp-json\/wp\/v2\/media\/7047"}],"wp:attachment":[{"href":"https:\/\/www.arroceriaformentera.com.213-165-80-135.plesk.page\/en\/wp-json\/wp\/v2\/media?parent=8384"}],"curies":[{"name":"wp","href":"https:\/\/api.w.org\/{rel}","templated":true}]}}